{"id":599,"date":"2013-01-12T14:50:13","date_gmt":"2013-01-12T13:50:13","guid":{"rendered":"http:\/\/schachclub.sf-dettingen.de\/?page_id=599"},"modified":"2016-01-06T08:28:11","modified_gmt":"2016-01-06T07:28:11","slug":"auswertung","status":"publish","type":"page","link":"https:\/\/schachclub.sf-dettingen.de\/?page_id=599","title":{"rendered":"Modus\/Auswertung"},"content":{"rendered":"<p>&nbsp;<br \/>\n<span style=\"font-family: Arial, sans-serif;\"><span style=\"font-size: large;\"><span style=\"text-decoration: underline;\">Modus Blitz-Turniere \/ Rapid-Turniere:<\/span><\/span><\/span><\/p>\n<p><span style=\"font-family: Arial, sans-serif;\">Die Turniere sind offen f\u00fcr alle Spieler, das hei\u00dft, auch Nicht-Vereinsmitglieder sind herzlich willkommen und k\u00f6nnen jederzeit mitspielen.<\/span><\/p>\n<table border=\"0\" frame=\"VOID\" rules=\"NONE\" cellspacing=\"0\">\n<colgroup>\n<col width=\"200\" \/>\n<col width=\"100\" \/>\n<col width=\"150\" \/>\n<col width=\"100\" \/>\n<col width=\"100\" \/> <\/colgroup>\n<tbody>\n<tr>\n<td align=\"LEFT\" width=\"34\" height=\"15\"><\/td>\n<td align=\"CENTER\" width=\"34\" height=\"8\"><b>Turnierform<\/b><\/td>\n<td align=\"CENTER\" width=\"34\" height=\"8\"><b>Zeitmodus<\/b><\/td>\n<td align=\"CENTER\" width=\"34\" height=\"8\"><b>Turniere<\/b><\/td>\n<td align=\"CENTER\" width=\"34\" height=\"8\"><b>max gewertet<\/b><\/td>\n<\/tr>\n<tr>\n<td align=\"LEFT\" width=\"34\" height=\"15\"><b>Vereins-Blitzmeisterschaft<\/b><\/td>\n<td align=\"CENTER\" width=\"34\" height=\"8\">Blitz<\/td>\n<td align=\"CENTER\" width=\"34\" height=\"8\">3 min + 2 sec<\/td>\n<td align=\"CENTER\" width=\"34\" height=\"8\">12<\/td>\n<td align=\"CENTER\" width=\"34\" height=\"8\">8<\/td>\n<\/tr>\n<tr>\n<td align=\"LEFT\" width=\"34\" height=\"15\"><b>Vereins-Meisterschaft<\/b><\/td>\n<td align=\"CENTER\" width=\"34\" height=\"8\">Rapid<\/td>\n<td align=\"CENTER\" width=\"34\" height=\"8\">10 min + 5 sec<\/td>\n<td align=\"CENTER\" width=\"34\" height=\"8\">9<\/td>\n<td align=\"CENTER\" width=\"34\" height=\"8\">5<\/td>\n<\/tr>\n<\/tbody>\n<\/table>\n<p>Das beste Vereinsmitglied der Schachfreunde Dettingen mit aktiver Spielberechtigung zum 1.9. ist Vereinsmeister des entsprechenden Jahres.<\/p>\n<p><span style=\"font-family: Arial, sans-serif;\"><span style=\"font-size: large;\"><span style=\"text-decoration: underline;\">Berechnung der Jahreswertung:<\/span><\/span><\/span><\/p>\n<ol>\n<li><span style=\"font-family: Arial, sans-serif;\">Die <b>Quote pro Spieler (Qu%)<\/b> ergibt sich aus dem Verh\u00e4ltnis<br \/>\n[Punkte erzielt] \/ [Punkte maximal] der Turnierserie in Prozent. <\/span><\/li>\n<li><span style=\"font-family: Arial, sans-serif;\">Die <b>Turnierst\u00e4rke<\/b> ist die durchschnittliche Quote der teilnehmenden Spieler.<\/span><\/li>\n<li><span style=\"font-family: Arial, sans-serif;\">Die <b>Turnierquote<\/b> eines Spielers ist das Verh\u00e4ltnis<br \/>\n[Punkte erzielt] \/ [Punkte maximal] in Prozent. <\/span><\/li>\n<li><span style=\"font-family: Arial, sans-serif;\">Die <b>Turnierwertung<\/b> eines Spielers ist die Summe seiner Turnierquote und der Turnierst\u00e4rke. <\/span><\/li>\n<li><span style=\"font-family: Arial, sans-serif;\">Die Summe der gewerteten Turnierwertungen (ohne Streichergebnisse) eines Spielers ergeben die <b>Punkte. <\/b> <\/span><\/li>\n<li><span style=\"font-family: Arial, sans-serif;\">Sieger der Turnierserie ist der Spieler mit der h\u00f6chsten Punktzahl (Zweitwertung=Qu%).<\/span><\/li>\n<\/ol>\n<p>&nbsp;<\/p>\n","protected":false},"excerpt":{"rendered":"<p>&nbsp; Modus Blitz-Turniere \/ Rapid-Turniere: Die Turniere sind offen f\u00fcr alle Spieler, das hei\u00dft, auch Nicht-Vereinsmitglieder sind herzlich willkommen und k\u00f6nnen jederzeit mitspielen. Turnierform Zeitmodus Turniere max gewertet Vereins-Blitzmeisterschaft Blitz 3 min + 2 sec 12 8 Vereins-Meisterschaft Rapid 10 min + 5 sec 9 5 Das beste Vereinsmitglied der Schachfreunde Dettingen mit aktiver Spielberechtigung [&hellip;]<\/p>\n","protected":false},"author":3,"featured_media":0,"parent":0,"menu_order":0,"comment_status":"open","ping_status":"open","template":"","meta":[],"_links":{"self":[{"href":"https:\/\/schachclub.sf-dettingen.de\/index.php?rest_route=\/wp\/v2\/pages\/599"}],"collection":[{"href":"https:\/\/schachclub.sf-dettingen.de\/index.php?rest_route=\/wp\/v2\/pages"}],"about":[{"href":"https:\/\/schachclub.sf-dettingen.de\/index.php?rest_route=\/wp\/v2\/types\/page"}],"author":[{"embeddable":true,"href":"https:\/\/schachclub.sf-dettingen.de\/index.php?rest_route=\/wp\/v2\/users\/3"}],"replies":[{"embeddable":true,"href":"https:\/\/schachclub.sf-dettingen.de\/index.php?rest_route=%2Fwp%2Fv2%2Fcomments&post=599"}],"version-history":[{"count":38,"href":"https:\/\/schachclub.sf-dettingen.de\/index.php?rest_route=\/wp\/v2\/pages\/599\/revisions"}],"predecessor-version":[{"id":1447,"href":"https:\/\/schachclub.sf-dettingen.de\/index.php?rest_route=\/wp\/v2\/pages\/599\/revisions\/1447"}],"wp:attachment":[{"href":"https:\/\/schachclub.sf-dettingen.de\/index.php?rest_route=%2Fwp%2Fv2%2Fmedia&parent=599"}],"curies":[{"name":"wp","href":"https:\/\/api.w.org\/{rel}","templated":true}]}}