{"id":3436,"date":"2026-01-13T22:37:50","date_gmt":"2026-01-13T21:37:50","guid":{"rendered":"https:\/\/schachclub.sf-dettingen.de\/?page_id=3436"},"modified":"2026-01-18T12:17:21","modified_gmt":"2026-01-18T11:17:21","slug":"jugend-2","status":"publish","type":"page","link":"https:\/\/schachclub.sf-dettingen.de\/?page_id=3436","title":{"rendered":"Jugend"},"content":{"rendered":"\n<p><\/p>\n\n\n\n<p>Wir bieten&nbsp;<strong>Freitags ab 17 Uhr<\/strong>&nbsp;einen w\u00f6chentlichen Schachkurs\/Training f\u00fcr Kinder und Jugendliche an. Dauer ca. 1-1,5 Stunden. Wir versuchen immer die gleichzeitige Anwesenheit von zwei Trainern sicherzustellen. Auch w\u00e4hrend der Ferien sind wir da, nur nicht an Feiertagen (Termin\u00fcbersicht siehe Startseite). Wie sich anhand der bestehenden Gruppe gezeigt hat: Mindestalter etwa 5 Jahre, auch \u00e4ltere Kinder und Jugendliche k\u00f6nnen nat\u00fcrlich neu einsteigen, ggf. bilden wir zu gegebener Zeit einzelne Gruppen. Derzeit besteht eine stabile Gruppe von Jungen und M\u00e4dchen.<\/p>\n\n\n\n<p>Sie finden uns im Anton-Wombacher-Haus (Auwanne 1, 63791 Karlstein) im Erdgeschoss rechts. F\u00fcr Fragen und Anregungen nehmen Sie gerne Kontakt per E-Mail auf:&nbsp;<strong><a href=\"mailto:schachtraining.sfd@t-online.de\">schachtraining.sfd@t-online.de<\/a><\/strong><\/p>\n\n\n\n<p><a href=\"https:\/\/schachclub.sf-dettingen.de\/wp-content\/uploads\/2026\/01\/Jugend-VT-2025.pdf\" target=\"_blank\" rel=\"noreferrer noopener\">Abschlusstabelle Jugendvereinsturnier 2025<\/a><\/p>\n\n\n\n<p><\/p>\n\n\n\n<p><\/p>\n\n\n\n<p><strong><span style=\"text-decoration: underline;\">Wie sieht das Training aus?<\/span><\/strong><\/p>\n\n\n\n<ul style=\"font-size: 12px;\"><li>Zu Beginn werden kurz einzelne Schachr\u00e4tsel aufgestellt, gemeinsam gel\u00f6st und besprochen.<\/li><li>Anschlie\u00dfend k\u00f6nnen die Kinder und Jugendlichen entweder frei gegeneinander spielen oder wir teilen sie einander zu.<\/li><li>Die zwei Trainer behalten die Gesamtsituation im Blick und stehen bei Fragen zur Verf\u00fcgung.<\/li><li>Je nach Andrang spielen auch die Trainer gegen einzelne Kinder \/ Jugendliche oder mehrere gleichzeitig (simultan). Hierbei werden je nach Situation passende Inhalte erl\u00e4utert.<\/li><li>Gelegentlich werden auch Inhalte frontal am Demobrett und neueren Medien vorgestellt (&#8222;Schachunterricht&#8220;).<\/li><li>Wir nutzen offizielle Lehrmaterialien (Schachhefte); insoweit k\u00f6nnen auch individuell Hefte erworben und sp\u00e4ter nach Ablegen einer Pr\u00fcfung Urkunden ausgestellt werden.<\/li><\/ul>\n\n\n\n<p><\/p>\n\n\n\n<p><\/p>\n\n\n\n<p><strong><span style=\"text-decoration: underline;\">Welche Hilfsmittel f\u00fcr zuhause gibt es?<\/span><\/strong><\/p>\n\n\n\n<p>Bei Fragen zu Lehrmaterialien oder externen Turnieren helfen wir auch gerne weiter. Manche Schulen bieten \u00fcbrigens auch Schach AGs an.<\/p>\n\n\n\n<p>a) Offline:<\/p>\n\n\n\n<ul style=\"font-size: 12px;\"><li>Schachhefte der Reihe &#8222;Brackeler Schachlehrgang&#8220; (Bauer-, Springer-, L\u00e4ufer-, Turm- und Damendiplom)<\/li><li>Schachhefte Stappenmethode Stufe 1, 2, 3, 4, 5&#8230;<\/li><\/ul>\n\n\n\n<ul style=\"font-size: 12px;\"><li>Einige Hefte (vom Brackeler Schachlehrgang) haben wir noch vorr\u00e4tig, ansonsten k\u00f6nnen diese im Internet bestellt werden.<\/li><\/ul>\n\n\n\n<p><\/p>\n\n\n\n<p>b) Online (alles kostenlos und frei zug\u00e4nglich):<\/p>\n\n\n\n<ul style=\"font-size: 12px;\"><li>Einsteigerschachkurs \/ Lektionen, die aufeinander aufbauen:&nbsp;<a href=\"https:\/\/learn.chessbase.com\/fb\/course?setssocookie=eVSEJkg4HQR%2fdz5TCwmcTFg93m9K7%2bv31ta9afX9%2bMA%3d\">https:\/\/learn.chessbase.com\/fb\/course?setssocookie=eVSEJkg4HQR%2fdz5TCwmcTFg93m9K7%2bv31ta9afX9%2bMA%3d<\/a><\/li><li>Erl\u00e4uterung der Schachnotation:&nbsp;<a href=\"https:\/\/schachkicker.de\/schachnotation-und-die-goldmuenzenpartie\/\">https:\/\/schachkicker.de\/schachnotation-und-die-goldmuenzenpartie\/<\/a><\/li><li>Kahoot &#8222;Walters Schatztruhe&#8220;:&nbsp;<a href=\"https:\/\/padlet.com\/wraedler\/walters-schach-und-schulschach-schatztruhe-ijjfi8d42vzoj50\/wish\/O7A9QmBxngeGZ6x3\">https:\/\/padlet.com\/wraedler\/walters-schach-und-schulschach-schatztruhe-ijjfi8d42vzoj50\/wish\/O7A9QmBxngeGZ6x3<\/a><\/li><li>40 Kurzvideos zu Mattbildern:&nbsp;<a href=\"https:\/\/www.youtube.com\/watch?v=ImL54O0iR5U&amp;list=PLOfCOETvQSewGQ63QhilGKOf2S6wgHP7U\">https:\/\/www.youtube.com\/watch?v=ImL54O0iR5U&amp;list=PLOfCOETvQSewGQ63QhilGKOf2S6wgHP7U<\/a><\/li><li>Weitere Schachvideos:&nbsp;<a href=\"https:\/\/schachkicker.de\/ueber-50-videos-fuer-euch-von-den-spids-aus-wien\/\">https:\/\/schachkicker.de\/ueber-50-videos-fuer-euch-von-den-spids-aus-wien\/<\/a><\/li><\/ul>\n\n\n\n<p><\/p>\n\n\n\n<p>c) Kinderschachprogramm Fritz und Fertig<\/p>\n\n\n\n<p>Hierbei handelt es sich um kommerzielle Kinderschachprogramme (jetzt neu als Entdeckerbuch mit kostenlosem Zugang zum Fritz&amp;Fertig Onlinekurs). Hierbei werden Inhalte anhand eines Schachabenteuers vermittelt. Viele schachspielenden Menschen geben an, damit viel und gerne Zeit verbracht zu haben.<\/p>\n\n\n\n<p>Man kann online auch die kostenlose Demoversion spielen:&nbsp;<a href=\"https:\/\/fritzundfertig.chessbase.com\/\">https:\/\/fritzundfertig.chessbase.com\/<\/a><\/p>\n\n\n\n<p><\/p>\n\n\n\n<p>d) Schachplattform Lichess.org (ebenfalls kostenlos)<br><br>Auf der Internetseite lichess.org kann man spielen, Taktikaufgaben l\u00f6sen oder auch allgemein viel \u00fcber Schach lernen. Achtung: in der App sind nicht alle M\u00f6glichkeiten einsehbar, die am im Browser hat. Daher am besten am PC gegenchecken und oben die dortige Leiste (Spielen, Aufgaben, Lernen usw.) beachten. Unter der Rubrik &#8222;Zuschauen&#8220; gibt es eine Videobibliothek, viele Inhalte sind jedoch auf Englisch.&nbsp;<\/p>\n\n\n\n<ul style=\"font-size: 12px;\"><li>Grundlagen:&nbsp;<a href=\"https:\/\/lichess.org\/learn\">https:\/\/lichess.org\/learn<\/a>&nbsp;(auf Deutsch)<\/li><li>Fortgeschritten:&nbsp;<a href=\"https:\/\/lichess.org\/practice\">https:\/\/lichess.org\/practice<\/a>&nbsp;(auf Englisch)<\/li><li>Taktikaufgaben:&nbsp;<a href=\"https:\/\/lichess.org\/training\">https:\/\/lichess.org\/training<\/a><\/li><\/ul>\n\n\n\n<p><\/p>\n","protected":false},"excerpt":{"rendered":"<p>Wir bieten&nbsp;Freitags ab 17 Uhr&nbsp;einen w\u00f6chentlichen Schachkurs\/Training f\u00fcr Kinder und Jugendliche an. Dauer ca. 1-1,5 Stunden. Wir versuchen immer die gleichzeitige Anwesenheit von zwei Trainern sicherzustellen. Auch w\u00e4hrend der Ferien sind wir da, nur nicht an Feiertagen (Termin\u00fcbersicht siehe Startseite). Wie sich anhand der bestehenden Gruppe gezeigt hat: Mindestalter etwa 5 Jahre, auch \u00e4ltere Kinder [&hellip;]<\/p>\n","protected":false},"author":3,"featured_media":0,"parent":0,"menu_order":0,"comment_status":"closed","ping_status":"closed","template":"","meta":[],"_links":{"self":[{"href":"https:\/\/schachclub.sf-dettingen.de\/index.php?rest_route=\/wp\/v2\/pages\/3436"}],"collection":[{"href":"https:\/\/schachclub.sf-dettingen.de\/index.php?rest_route=\/wp\/v2\/pages"}],"about":[{"href":"https:\/\/schachclub.sf-dettingen.de\/index.php?rest_route=\/wp\/v2\/types\/page"}],"author":[{"embeddable":true,"href":"https:\/\/schachclub.sf-dettingen.de\/index.php?rest_route=\/wp\/v2\/users\/3"}],"replies":[{"embeddable":true,"href":"https:\/\/schachclub.sf-dettingen.de\/index.php?rest_route=%2Fwp%2Fv2%2Fcomments&post=3436"}],"version-history":[{"count":32,"href":"https:\/\/schachclub.sf-dettingen.de\/index.php?rest_route=\/wp\/v2\/pages\/3436\/revisions"}],"predecessor-version":[{"id":3473,"href":"https:\/\/schachclub.sf-dettingen.de\/index.php?rest_route=\/wp\/v2\/pages\/3436\/revisions\/3473"}],"wp:attachment":[{"href":"https:\/\/schachclub.sf-dettingen.de\/index.php?rest_route=%2Fwp%2Fv2%2Fmedia&parent=3436"}],"curies":[{"name":"wp","href":"https:\/\/api.w.org\/{rel}","templated":true}]}}