{"id":23,"date":"2012-03-02T10:07:00","date_gmt":"2012-03-02T10:07:00","guid":{"rendered":"http:\/\/schachclub.sf-dettingen.de\/?page_id=23"},"modified":"2026-04-16T20:19:20","modified_gmt":"2026-04-16T19:19:20","slug":"home","status":"publish","type":"page","link":"https:\/\/schachclub.sf-dettingen.de\/","title":{"rendered":"Home"},"content":{"rendered":"<p>&nbsp;<\/p>\n<div class=\"flex-container\">\n\t<div class=\"flex-item\" style=\"flex-basis: 1500px\">\n\t\t<p>\n\t\t\t<span style=\"color: #0000ff;\">\n\t\t\t\t<span style=\"font-size: 11pt;\">\n\t\t\t\t\t<strong>Neuigkeiten<\/strong>\n\t\t\t\t<\/span>\n\t\t\t<\/span>\n\t\t<\/p>\n\t\t<span style=\"color: #0000ff;\">\n\t\t<p>\n\t\t\tDie Schachfreunde Dettingen bieten <strong>Freitags ab 17 Uhr<\/strong> einen w\u00f6chentlichen Schachkurs\/Training f\u00fcr Kinder und Jugendliche an. Dauer ca. 1-1,5 Stunden. Auch w\u00e4hrend der Ferien sind wir da, nur nicht an Feiertagen. Derzeit besteht eine stabile Gruppe von Jungen und M\u00e4dchen.<br>\n\t\t\tBei neuen Gesichtern w\u00e4re es hilfreich, wen grob bekannt ist wie die Figuren ziehen. Weitere Informationen erhalten sie unter dem <strong>Reiter &#8222;Jugend&#8220;<\/strong>\n\t\t<\/p>\n<p>\n\t\t\tF\u00fcr erwachsene Schachinteressierte besteht die Lern- und Spielm\u00f6glichkeit ab 18:30 Uhr (auf Voranmeldebasis per E-Mail) oder bei einem unserer Turniere (Termine s. unten).\n\t\t<\/p>\n<p>\n\t\t\tSie finden uns im Anton-Wombacher-Haus (Auwanne 1, 63791 Karlstein) im Erdgeschoss rechts. F\u00fcr Fragen und Anregungen nehmen Sie gerne Kontakt per E-Mail auf: <strong>schachtraining.sfd@t-online.de<\/strong>\n\t\t\n\t\t<\/p><p>\n\t\t\t<a href=\"https:\/\/schulschachstiftung.de\/2021\/10\/15\/warum-schach-von-wgm-melanie-lubbe\/\" target=\"_blank\" rel=\"noopener\">\n\t\t\t\t<span style=\"color: #0000ff;\">Warum Schach? 10 Gr\u00fcnde Schach zu lernen<\/span>\n\t\t\t<\/a>\n\t\t<\/p>\n\t<\/span><\/div>\n\t<div class=\"flex-item\" style=\"flex-basis: 800px\">\n\t\t<div>\n\t\t\t<p>\n\t\t\t\t<span id=\"puzzlePlayers\"><\/span>\n\t\t\t\t<span id=\"puzzleSite\"><\/span>\n\t\t\t<\/p>\n\t\t\t\t<a id=\"puzzleLink\" href=\"https:\/\/chesspuzzle.net\/de\/Daily\">\n\t\t\t\t\t<img id=\"puzzleImage\" alt=\"Puzzle des Tages\">\n\t\t\t<\/a>\n\t\t\t\t\t<br>\n\t\t\t\t\t\t<span id=\"puzzleText\">\n\t\t\t<\/span>\n\t\t\t\t\t<\/div>\n\t\t\t\t\t<script type=\"text\/javascript\">\n        var request = new XMLHttpRequest();\n        request.open('GET', 'https:\/\/chesspuzzle.net\/de\/Daily\/Api', true);\n        request.onload = function () {\n            if (request.status >= 200 && request.status < 400) { var result=JSON.parse(request.responseText); document.getElementById(\"puzzleText\").textContent=result.Text; document.getElementById(\"puzzleLink\").href=result.Link; document.getElementById(\"puzzleImage\").src=result.Image; document.getElementById(\"puzzlePlayers\").textContent=result.Players; document.getElementById(\"puzzleSite\").innerHTML=result.Site; } }; request.send();\n\t\t\t\t\t<\/script>\n\t\t\t\t<\/div>\n\t\t\t<\/div>\n\t\t\t<p>&nbsp;<\/p>\n<p><strong>Die n\u00e4chsten Termine:<\/strong><\/p>\n<table border=\"0\" frame=\"VOID\" rules=\"NONE\" cellspacing=\"0\"><colgroup><col width=\"30\"><col width=\"86\"><col width=\"54\"><col width=\"385\"><col width=\"38\"><\/colgroup>\n<tbody>\n<tr>\n<td align=\"CENTER\" width=\"30\" height=\"8\">Fr<\/td>\n<td align=\"CENTER\" width=\"86\">17.04.2026<\/td>\n<td align=\"CENTER\" width=\"54\">17:00<\/td>\n<td align=\"LEFT\" width=\"385\">Jugendtraining<\/td>\n<td align=\"CENTER\" width=\"38\">&nbsp;<\/td>\n<\/tr>\n<tr>\n<td align=\"CENTER\" height=\"8\">Sa<\/td>\n<td align=\"CENTER\">18.04.2026<\/td>\n<td align=\"CENTER\">18:00<\/td>\n<td align=\"LEFT\">KS Gro\u00dfauheim \u2013 SFD 2<\/td>\n<td align=\"CENTER\">&nbsp;<\/td>\n<\/tr>\n<tr>\n<td align=\"CENTER\" height=\"8\">So<\/td>\n<td align=\"CENTER\">19.04.2026<\/td>\n<td align=\"CENTER\">10:45<\/td>\n<td align=\"LEFT\">Hessische Blitz-MM [Niederbrechen]<\/td>\n<td align=\"CENTER\"><a href=\"https:\/\/www.hessischer-schachverband.de\/spielleitung\/blitzmannschaftsmeisterschaft\/archiv-2026\/ausschreibung-hess-blitz-mm-2026\">Info<\/a><\/td>\n<\/tr>\n<tr>\n<td align=\"CENTER\" height=\"8\">Fr<\/td>\n<td align=\"CENTER\">24.04.2026<\/td>\n<td align=\"CENTER\">17:00<\/td>\n<td align=\"LEFT\">Jugendtraining<\/td>\n<td align=\"CENTER\">&nbsp;<\/td>\n<\/tr>\n<tr>\n<td align=\"CENTER\" height=\"8\">Fr<\/td>\n<td align=\"CENTER\">24.04.2026<\/td>\n<td align=\"CENTER\">19:00<\/td>\n<td align=\"LEFT\">Offenes Rapidturnier (Vereinsmeisterschaft, 10+5)<\/td>\n<td align=\"CENTER\">&nbsp;<\/td>\n<\/tr>\n<tr>\n<td align=\"CENTER\" height=\"8\">So<\/td>\n<td align=\"CENTER\">26.04.2026<\/td>\n<td align=\"CENTER\">14:00<\/td>\n<td align=\"LEFT\">SFD 1 \u2013 Sfr Wolfhagen 3<\/td>\n<td align=\"CENTER\">&nbsp;<\/td>\n<\/tr>\n<tr>\n<td align=\"CENTER\" height=\"8\">Fr<\/td>\n<td align=\"CENTER\">08.05.2026<\/td>\n<td align=\"CENTER\">17:00<\/td>\n<td align=\"LEFT\">Jugendtraining<\/td>\n<td align=\"CENTER\">&nbsp;<\/td>\n<\/tr>\n<tr>\n<td align=\"CENTER\" height=\"8\">Fr<\/td>\n<td align=\"CENTER\">08.05.2026<\/td>\n<td align=\"CENTER\">19:00<\/td>\n<td align=\"LEFT\">Offenes Blitzturnier (Blitzmeisterschaft, 3+2)<\/td>\n<td align=\"CENTER\">&nbsp;<\/td>\n<\/tr>\n<tr>\n<td align=\"CENTER\" height=\"8\">Sa<\/td>\n<td align=\"CENTER\">09.05.2026<\/td>\n<td align=\"CENTER\">18:00<\/td>\n<td align=\"LEFT\">SFD 2 \u2013 SC Obertshausen<\/td>\n<td align=\"CENTER\">&nbsp;<\/td>\n<\/tr>\n<tr>\n<td align=\"CENTER\" height=\"8\">Do<\/td>\n<td align=\"CENTER\">14.05.2026<\/td>\n<td align=\"CENTER\">09:00<\/td>\n<td align=\"LEFT\">- 17.5.: Hessische EM [Ober-Ramstadt]<\/td>\n<td align=\"CENTER\"><a href=\"https:\/\/www.hessischer-schachverband.de\/spielleitung-einzel\/hem\/hem-2026\/hem-2026\">Info<\/a><\/td>\n<\/tr>\n<tr>\n<td align=\"CENTER\" height=\"8\">Fr<\/td>\n<td align=\"CENTER\">15.05.2026<\/td>\n<td align=\"CENTER\">17:00<\/td>\n<td align=\"LEFT\">Jugendtraining<\/td>\n<td align=\"CENTER\">&nbsp;<\/td>\n<\/tr>\n<tr>\n<td align=\"CENTER\" height=\"8\">So<\/td>\n<td align=\"CENTER\">17.05.2026<\/td>\n<td align=\"CENTER\">10:45<\/td>\n<td align=\"LEFT\">MVSJ Schnellschachturnier (15+10) [Hanau-Wolfgang]<\/td>\n<td align=\"CENTER\">&nbsp;<\/td>\n<\/tr>\n<tr>\n<td align=\"CENTER\" height=\"8\">Fr<\/td>\n<td align=\"CENTER\">22.05.2026<\/td>\n<td align=\"CENTER\">17:00<\/td>\n<td align=\"LEFT\">Jugendtraining<\/td>\n<td align=\"CENTER\">&nbsp;<\/td>\n<\/tr>\n<tr>\n<td align=\"CENTER\" height=\"8\">Fr<\/td>\n<td align=\"CENTER\">22.05.2026<\/td>\n<td align=\"CENTER\">19:00<\/td>\n<td align=\"LEFT\">Offenes Rapidturnier (Vereinsmeisterschaft, 10+5)<\/td>\n<td align=\"CENTER\">&nbsp;<\/td>\n<\/tr>\n<tr>\n<td align=\"CENTER\" height=\"8\">Fr<\/td>\n<td align=\"CENTER\">29.05.2026<\/td>\n<td align=\"CENTER\">17:00<\/td>\n<td align=\"LEFT\">Jugendtraining<\/td>\n<td align=\"CENTER\">&nbsp;<\/td>\n<\/tr>\n<tr>\n<td align=\"CENTER\" height=\"8\">Fr<\/td>\n<td align=\"CENTER\">05.06.2026<\/td>\n<td align=\"CENTER\">17:00<\/td>\n<td align=\"LEFT\">Jugendtraining<\/td>\n<td align=\"CENTER\">&nbsp;<\/td>\n<\/tr>\n<tr>\n<td align=\"CENTER\" height=\"8\">Fr<\/td>\n<td align=\"CENTER\">05.06.2026<\/td>\n<td align=\"CENTER\">19:00<\/td>\n<td align=\"LEFT\">Offenes Blitzturnier (Blitzmeisterschaft, 3+2)<\/td>\n<td align=\"CENTER\">&nbsp;<\/td>\n<\/tr>\n<tr>\n<td align=\"CENTER\" height=\"8\">Fr<\/td>\n<td align=\"CENTER\">12.06.2026<\/td>\n<td align=\"CENTER\">17:00<\/td>\n<td align=\"LEFT\">Jugendtraining<\/td>\n<td align=\"CENTER\">&nbsp;<\/td>\n<\/tr>\n<tr>\n<td align=\"CENTER\" height=\"8\">So<\/td>\n<td align=\"CENTER\">14.06.2026<\/td>\n<td align=\"CENTER\">14:00<\/td>\n<td align=\"LEFT\">MVS Saisonbesprechung [B\u00fcrgerhaus Gro\u00dfauheim]<\/td>\n<td align=\"CENTER\">&nbsp;<\/td>\n<\/tr>\n<tr>\n<td align=\"CENTER\" height=\"8\">Fr<\/td>\n<td align=\"CENTER\">19.06.2026<\/td>\n<td align=\"CENTER\">17:00<\/td>\n<td align=\"LEFT\">Jugendtraining<\/td>\n<td align=\"CENTER\">&nbsp;<\/td>\n<\/tr>\n<tr>\n<td align=\"CENTER\" height=\"8\">Fr<\/td>\n<td align=\"CENTER\">26.06.2026<\/td>\n<td align=\"CENTER\">17:00<\/td>\n<td align=\"LEFT\">Jugendtraining<\/td>\n<td align=\"CENTER\">&nbsp;<\/td>\n<\/tr>\n<tr>\n<td align=\"CENTER\" height=\"8\">Fr<\/td>\n<td align=\"CENTER\">03.07.2026<\/td>\n<td align=\"CENTER\">17:00<\/td>\n<td align=\"LEFT\">Jugendtraining<\/td>\n<td align=\"CENTER\">&nbsp;<\/td>\n<\/tr>\n<tr>\n<td align=\"CENTER\" height=\"8\">Fr<\/td>\n<td align=\"CENTER\">03.07.2026<\/td>\n<td align=\"CENTER\">19:00<\/td>\n<td align=\"LEFT\">Offenes Blitzturnier (Blitzmeisterschaft, 3+2)<\/td>\n<td align=\"CENTER\">&nbsp;<\/td>\n<\/tr>\n<tr>\n<td align=\"CENTER\" height=\"8\">Fr<\/td>\n<td align=\"CENTER\">10.07.2026<\/td>\n<td align=\"CENTER\">17:00<\/td>\n<td align=\"LEFT\">Jugendtraining<\/td>\n<td align=\"CENTER\">&nbsp;<\/td>\n<\/tr>\n<tr>\n<td align=\"CENTER\" height=\"8\">Fr<\/td>\n<td align=\"CENTER\">17.07.2026<\/td>\n<td align=\"CENTER\">17:00<\/td>\n<td align=\"LEFT\">Jugendtraining<\/td>\n<td align=\"CENTER\">&nbsp;<\/td>\n<\/tr>\n<tr>\n<td align=\"CENTER\" height=\"8\">Fr<\/td>\n<td align=\"CENTER\">24.07.2026<\/td>\n<td align=\"CENTER\">17:00<\/td>\n<td align=\"LEFT\">Jugendtraining<\/td>\n<td align=\"CENTER\">&nbsp;<\/td>\n<\/tr>\n<tr>\n<td align=\"CENTER\" height=\"8\">Fr<\/td>\n<td align=\"CENTER\">31.07.2026<\/td>\n<td align=\"CENTER\">17:00<\/td>\n<td align=\"LEFT\">Jugendtraining<\/td>\n<td align=\"CENTER\">&nbsp;<\/td>\n<\/tr>\n<tr>\n<td align=\"CENTER\" height=\"8\">Fr<\/td>\n<td align=\"CENTER\">07.08.2026<\/td>\n<td align=\"CENTER\">17:00<\/td>\n<td align=\"LEFT\">Jugendtraining<\/td>\n<td align=\"CENTER\">&nbsp;<\/td>\n<\/tr>\n<tr>\n<td align=\"CENTER\" height=\"8\">Fr<\/td>\n<td align=\"CENTER\">07.08.2026<\/td>\n<td align=\"CENTER\">19:00<\/td>\n<td align=\"LEFT\">Offenes Blitzturnier (Blitzmeisterschaft, 3+2)<\/td>\n<td align=\"CENTER\">&nbsp;<\/td>\n<\/tr>\n<tr>\n<td align=\"CENTER\" height=\"8\">Fr<\/td>\n<td align=\"CENTER\">14.08.2026<\/td>\n<td align=\"CENTER\">17:00<\/td>\n<td align=\"LEFT\">Jugendtraining<\/td>\n<td align=\"CENTER\">&nbsp;<\/td>\n<\/tr>\n<tr>\n<td align=\"CENTER\" height=\"8\">Fr<\/td>\n<td align=\"CENTER\">21.08.2026<\/td>\n<td align=\"CENTER\">17:00<\/td>\n<td align=\"LEFT\">Jugendtraining<\/td>\n<td align=\"CENTER\">&nbsp;<\/td>\n<\/tr>\n<tr>\n<td align=\"CENTER\" height=\"8\">Sa<\/td>\n<td align=\"CENTER\">22.08.2026<\/td>\n<td align=\"CENTER\">13:00<\/td>\n<td align=\"LEFT\">Hessische Blitz-EM [Frankfurt]<\/td>\n<td align=\"CENTER\"><a href=\"https:\/\/www.hessischer-schachverband.de\/spielleitung-einzel\/blitz-einzel\/2026\/ausschreibung-hess-schnellschachmeisterschaft-2026\">Info<\/a><\/td>\n<\/tr>\n<tr>\n<td align=\"CENTER\" height=\"8\">So<\/td>\n<td align=\"CENTER\">23.08.2026<\/td>\n<td align=\"CENTER\">10:00<\/td>\n<td align=\"LEFT\">Hessische Rapid-EM [Frankfurt]<\/td>\n<td align=\"CENTER\"><a href=\"https:\/\/www.hessischer-schachverband.de\/spielleitung-einzel\/schnellschach\/2026\/ausschreibung-hess-schnellschachmeisterschaft-2026\">Info<\/a><\/td>\n<\/tr>\n<tr>\n<td align=\"CENTER\" height=\"8\">Fr<\/td>\n<td align=\"CENTER\">28.08.2026<\/td>\n<td align=\"CENTER\">17:00<\/td>\n<td align=\"LEFT\">Jugendtraining<\/td>\n<td align=\"CENTER\">&nbsp;<\/td>\n<\/tr>\n<\/tbody>\n<\/table>\n<p>&nbsp;<\/p>\n\n\n<div class=\"wp-container-1 wp-block-group\"><div class=\"wp-block-group__inner-container\"><\/div><\/div>\n","protected":false},"excerpt":{"rendered":"<p>&nbsp; Neuigkeiten Die Schachfreunde Dettingen bieten Freitags ab 17 Uhr einen w\u00f6chentlichen Schachkurs\/Training f\u00fcr Kinder und Jugendliche an. Dauer ca. 1-1,5 Stunden. Auch w\u00e4hrend der Ferien sind wir da, nur nicht an Feiertagen. Derzeit besteht eine stabile Gruppe von Jungen und M\u00e4dchen. Bei neuen Gesichtern w\u00e4re es hilfreich, wen grob bekannt ist wie die Figuren [&hellip;]<\/p>\n","protected":false},"author":1,"featured_media":0,"parent":0,"menu_order":0,"comment_status":"open","ping_status":"open","template":"","meta":[],"_links":{"self":[{"href":"https:\/\/schachclub.sf-dettingen.de\/index.php?rest_route=\/wp\/v2\/pages\/23"}],"collection":[{"href":"https:\/\/schachclub.sf-dettingen.de\/index.php?rest_route=\/wp\/v2\/pages"}],"about":[{"href":"https:\/\/schachclub.sf-dettingen.de\/index.php?rest_route=\/wp\/v2\/types\/page"}],"author":[{"embeddable":true,"href":"https:\/\/schachclub.sf-dettingen.de\/index.php?rest_route=\/wp\/v2\/users\/1"}],"replies":[{"embeddable":true,"href":"https:\/\/schachclub.sf-dettingen.de\/index.php?rest_route=%2Fwp%2Fv2%2Fcomments&post=23"}],"version-history":[{"count":338,"href":"https:\/\/schachclub.sf-dettingen.de\/index.php?rest_route=\/wp\/v2\/pages\/23\/revisions"}],"predecessor-version":[{"id":3522,"href":"https:\/\/schachclub.sf-dettingen.de\/index.php?rest_route=\/wp\/v2\/pages\/23\/revisions\/3522"}],"wp:attachment":[{"href":"https:\/\/schachclub.sf-dettingen.de\/index.php?rest_route=%2Fwp%2Fv2%2Fmedia&parent=23"}],"curies":[{"name":"wp","href":"https:\/\/api.w.org\/{rel}","templated":true}]}}